{"id":4383,"date":"2022-07-06T12:33:01","date_gmt":"2022-07-06T12:33:01","guid":{"rendered":"http:\/\/id3460.thestagingdomain.com\/?page_id=4383"},"modified":"2022-07-06T13:11:01","modified_gmt":"2022-07-06T13:11:01","slug":"about","status":"publish","type":"page","link":"https:\/\/centerlineairportpartners.com\/es\/about\/","title":{"rendered":"ABOUT"},"content":{"rendered":"<div class=\"vc_row wpb_row vc_row-fluid f-about-row wpb_animate_when_almost_visible wpb_fadeInUp fadeInUp vc_custom_1657113058440\"><div class=\"wpb_column vc_column_container vc_col-sm-12\"><div class=\"vc_column-inner\"><div class=\"wpb_wrapper\"><div class=\"kenray-heading text-left color-dark\"><h2 class=\"section-heading\">Centerline Airport Partners<\/h2><p>Somos una empresa de desarrollo de aeropuertos que ofrece un conjunto completo de servicios de dise\u00f1o, gesti\u00f3n y operaci\u00f3n para infraestructura de transporte a\u00e9reo.<\/p><\/div><div class=\"vc_row wpb_row vc_inner vc_row-fluid\"><div class=\"wpb_column vc_column_container vc_col-sm-3\"><div class=\"vc_column-inner\"><div class=\"wpb_wrapper\"><div class=\"\"><ul class=\"kenray-list section-style1\"><li><i aria-hidden=\"true\" class=\"ion-md-done-all\"><\/i><span>Within the framework of public-private partnerships (PPP) or other models<\/span><\/li><\/ul><\/div><\/div><\/div><\/div><div class=\"wpb_column vc_column_container vc_col-sm-3\"><div class=\"vc_column-inner\"><div class=\"wpb_wrapper\"><div class=\"\"><ul class=\"kenray-list section-style1\"><li><i aria-hidden=\"true\" class=\"ion-md-done-all\"><\/i><span>Significant potential of PPPs to help improve bottom line and customer experience\/satisfaction<\/span><\/li><\/ul><\/div><\/div><\/div><\/div><div class=\"wpb_column vc_column_container vc_col-sm-3\"><div class=\"vc_column-inner\"><div class=\"wpb_wrapper\"><div class=\"\"><ul class=\"kenray-list section-style1\"><li><i aria-hidden=\"true\" class=\"ion-md-done-all\"><\/i><span>Diversified type and sized airports in the Latin America and the Caribbean (LAC) region and globally<\/span><\/li><\/ul><\/div><\/div><\/div><\/div><div class=\"wpb_column vc_column_container vc_col-sm-3\"><div class=\"vc_column-inner\"><div class=\"wpb_wrapper\"><div class=\"\"><ul class=\"kenray-list section-style1\"><li><i aria-hidden=\"true\" class=\"ion-md-done-all\"><\/i><span>Development of infrastructure and the growth of air transport in the region through sound capital investment, strategic key hires, and\/or workflow optimization<\/span><\/li><\/ul><\/div><\/div><\/div><\/div><\/div><\/div><\/div><\/div><\/div>","protected":false},"excerpt":{"rendered":"Centerline Airport PartnersWe are an airport development company offering a complete suite of design, management, and operation services for air transport infrastructure.Within the framework of public-private partnerships (PPP) or other modelsSignificant potential of PPPs to help improve bottom line and customer experience\/satisfactionDiversified type and sized airports in the Latin America and the Caribbean (LAC) region [...]","protected":false},"author":1,"featured_media":0,"parent":0,"menu_order":0,"comment_status":"closed","ping_status":"closed","template":"","meta":{"_monsterinsights_skip_tracking":false,"_monsterinsights_sitenote_active":false,"_monsterinsights_sitenote_note":"","_monsterinsights_sitenote_category":0,"footnotes":""},"class_list":["post-4383","page","type-page","status-publish","hentry"],"yoast_head":"<!-- This site is optimized with the Yoast SEO plugin v27.3 - https:\/\/yoast.com\/product\/yoast-seo-wordpress\/ -->\n<title>ABOUT - Centerline Airport Partners<\/title>\n<meta name=\"robots\" content=\"index, follow, max-snippet:-1, max-image-preview:large, max-video-preview:-1\" \/>\n<link rel=\"canonical\" href=\"http:\/\/centerlineairportpartners.com\/es\/about\/\" \/>\n<meta property=\"og:locale\" content=\"es_MX\" \/>\n<meta property=\"og:type\" content=\"article\" \/>\n<meta property=\"og:title\" content=\"ABOUT - Centerline Airport Partners\" \/>\n<meta property=\"og:url\" content=\"http:\/\/centerlineairportpartners.com\/es\/about\/\" \/>\n<meta property=\"og:site_name\" content=\"Centerline Airport Partners\" \/>\n<meta property=\"article:modified_time\" content=\"2022-07-06T13:11:01+00:00\" \/>\n<meta name=\"twitter:card\" content=\"summary_large_image\" \/>\n<meta name=\"twitter:label1\" content=\"Tiempo de lectura\" \/>\n\t<meta name=\"twitter:data1\" content=\"1 minuto\" \/>\n<script type=\"application\/ld+json\" class=\"yoast-schema-graph\">{\"@context\":\"https:\\\/\\\/schema.org\",\"@graph\":[{\"@type\":\"WebPage\",\"@id\":\"http:\\\/\\\/centerlineairportpartners.com\\\/about\\\/\",\"url\":\"http:\\\/\\\/centerlineairportpartners.com\\\/about\\\/\",\"name\":\"ABOUT - Centerline Airport Partners\",\"isPartOf\":{\"@id\":\"https:\\\/\\\/centerlineairportpartners.com\\\/#website\"},\"datePublished\":\"2022-07-06T12:33:01+00:00\",\"dateModified\":\"2022-07-06T13:11:01+00:00\",\"breadcrumb\":{\"@id\":\"http:\\\/\\\/centerlineairportpartners.com\\\/about\\\/#breadcrumb\"},\"inLanguage\":\"es\",\"potentialAction\":[{\"@type\":\"ReadAction\",\"target\":[\"http:\\\/\\\/centerlineairportpartners.com\\\/about\\\/\"]}]},{\"@type\":\"BreadcrumbList\",\"@id\":\"http:\\\/\\\/centerlineairportpartners.com\\\/about\\\/#breadcrumb\",\"itemListElement\":[{\"@type\":\"ListItem\",\"position\":1,\"name\":\"Home\",\"item\":\"https:\\\/\\\/centerlineairportpartners.com\\\/\"},{\"@type\":\"ListItem\",\"position\":2,\"name\":\"ABOUT\"}]},{\"@type\":\"WebSite\",\"@id\":\"https:\\\/\\\/centerlineairportpartners.com\\\/#website\",\"url\":\"https:\\\/\\\/centerlineairportpartners.com\\\/\",\"name\":\"Centerline Airport Partners\",\"description\":\"\",\"potentialAction\":[{\"@type\":\"SearchAction\",\"target\":{\"@type\":\"EntryPoint\",\"urlTemplate\":\"https:\\\/\\\/centerlineairportpartners.com\\\/?s={search_term_string}\"},\"query-input\":{\"@type\":\"PropertyValueSpecification\",\"valueRequired\":true,\"valueName\":\"search_term_string\"}}],\"inLanguage\":\"es\"}]}<\/script>\n<!-- \/ Yoast SEO plugin. -->","yoast_head_json":{"title":"ABOUT - Centerline Airport Partners","robots":{"index":"index","follow":"follow","max-snippet":"max-snippet:-1","max-image-preview":"max-image-preview:large","max-video-preview":"max-video-preview:-1"},"canonical":"http:\/\/centerlineairportpartners.com\/es\/about\/","og_locale":"es_MX","og_type":"article","og_title":"ABOUT - Centerline Airport Partners","og_url":"http:\/\/centerlineairportpartners.com\/es\/about\/","og_site_name":"Centerline Airport Partners","article_modified_time":"2022-07-06T13:11:01+00:00","twitter_card":"summary_large_image","twitter_misc":{"Tiempo de lectura":"1 minuto"},"schema":{"@context":"https:\/\/schema.org","@graph":[{"@type":"WebPage","@id":"http:\/\/centerlineairportpartners.com\/about\/","url":"http:\/\/centerlineairportpartners.com\/about\/","name":"ABOUT - Centerline Airport Partners","isPartOf":{"@id":"https:\/\/centerlineairportpartners.com\/#website"},"datePublished":"2022-07-06T12:33:01+00:00","dateModified":"2022-07-06T13:11:01+00:00","breadcrumb":{"@id":"http:\/\/centerlineairportpartners.com\/about\/#breadcrumb"},"inLanguage":"es","potentialAction":[{"@type":"ReadAction","target":["http:\/\/centerlineairportpartners.com\/about\/"]}]},{"@type":"BreadcrumbList","@id":"http:\/\/centerlineairportpartners.com\/about\/#breadcrumb","itemListElement":[{"@type":"ListItem","position":1,"name":"Home","item":"https:\/\/centerlineairportpartners.com\/"},{"@type":"ListItem","position":2,"name":"ABOUT"}]},{"@type":"WebSite","@id":"https:\/\/centerlineairportpartners.com\/#website","url":"https:\/\/centerlineairportpartners.com\/","name":"Centerline Airport Partners","description":"","potentialAction":[{"@type":"SearchAction","target":{"@type":"EntryPoint","urlTemplate":"https:\/\/centerlineairportpartners.com\/?s={search_term_string}"},"query-input":{"@type":"PropertyValueSpecification","valueRequired":true,"valueName":"search_term_string"}}],"inLanguage":"es"}]}},"_links":{"self":[{"href":"https:\/\/centerlineairportpartners.com\/es\/wp-json\/wp\/v2\/pages\/4383","targetHints":{"allow":["GET"]}}],"collection":[{"href":"https:\/\/centerlineairportpartners.com\/es\/wp-json\/wp\/v2\/pages"}],"about":[{"href":"https:\/\/centerlineairportpartners.com\/es\/wp-json\/wp\/v2\/types\/page"}],"author":[{"embeddable":true,"href":"https:\/\/centerlineairportpartners.com\/es\/wp-json\/wp\/v2\/users\/1"}],"replies":[{"embeddable":true,"href":"https:\/\/centerlineairportpartners.com\/es\/wp-json\/wp\/v2\/comments?post=4383"}],"version-history":[{"count":30,"href":"https:\/\/centerlineairportpartners.com\/es\/wp-json\/wp\/v2\/pages\/4383\/revisions"}],"predecessor-version":[{"id":4459,"href":"https:\/\/centerlineairportpartners.com\/es\/wp-json\/wp\/v2\/pages\/4383\/revisions\/4459"}],"wp:attachment":[{"href":"https:\/\/centerlineairportpartners.com\/es\/wp-json\/wp\/v2\/media?parent=4383"}],"curies":[{"name":"wp","href":"https:\/\/api.w.org\/{rel}","templated":true}]}}